{"id":178,"date":"2021-02-04T10:56:16","date_gmt":"2021-02-04T09:56:16","guid":{"rendered":"http:\/\/127.0.0.1\/wordpress\/?page_id=178"},"modified":"2021-08-02T12:46:51","modified_gmt":"2021-08-02T10:46:51","slug":"rndr-mariana-budovska-phd","status":"publish","type":"page","link":"https:\/\/organicchemistry.science.upjs.sk\/?page_id=178","title":{"rendered":"RNDr. Mariana Budovsk\u00e1, PhD."},"content":{"rendered":"\n<figure class=\"wp-block-image size-large is-resized\"><img loading=\"lazy\" src=\"https:\/\/organicchemistry.science.upjs.sk\/wp-content\/uploads\/2021\/04\/MB.jpg\" alt=\"\" class=\"wp-image-344\" width=\"332\" height=\"383\" srcset=\"https:\/\/organicchemistry.science.upjs.sk\/wp-content\/uploads\/2021\/04\/MB.jpg 694w, https:\/\/organicchemistry.science.upjs.sk\/wp-content\/uploads\/2021\/04\/MB-259x300.jpg 259w\" sizes=\"(max-width: 332px) 100vw, 332px\" \/><\/figure>\n\n\n\n<p>mariana.budovska@upjs.sk<\/p>\n\n\n\n<p>Samostatn\u00fd vedeck\u00fd pracovn\u00edk<\/p>\n\n\n\n<p>Jej v\u00fdskum je zameran\u00fd na vypracovanie efekt\u00edvnych synt\u00e9z nov\u00fdch anal\u00f3gov pr\u00edrodn\u00fdch l\u00e1tok na b\u00e1ze indolov\u00fdch fytoalex\u00ednov. U cie\u013eov\u00fdch molek\u00fal je ohodnoten\u00e1 ich in vitro protirakovinov\u00e1 aktivita a cytotoxick\u00fd efekt na nemal\u00edgnych bunk\u00e1ch v spolupr\u00e1ci s \u00dastavom farmakol\u00f3gie LF UPJ\u0160 \u2013 prof. MVDr. J\u00e1n Moj\u017ei\u0161, DrSc. Taktie\u017e je \u0161tudovan\u00fd vplyv \u0161trukt\u00fary na ich protin\u00e1dorov\u00fa aktivitu (QSAR) v spolupr\u00e1ci s RNDr. Romanom Mezencevom, PhD., Georgia Institute of Technology, School of Biological Sciences, 310 Ferst Drive, Atlanta, GA 30332, USA.<\/p>\n\n\n\n<p>Zahrani\u010dn\u00e9 st\u00e1\u017ee:<\/p>\n\n\n\n<p>1.7.2009-30.11. 2009&nbsp;&nbsp;&nbsp;&nbsp;&nbsp;&nbsp;&nbsp;&nbsp;&nbsp;&nbsp;&nbsp;&nbsp;&nbsp;&nbsp; zahrani\u010dn\u00fd pobyt v r\u00e1mci \u0161tipendia f\u00ednskej vl\u00e1dy (CIMO)<\/p>\n\n\n\n<p>Univerzita Turku &#8211; Oddelenie ch\u00e9mie, Turku, F\u00ednsko<\/p>\n\n\n\n<p>Superv\u00edzor: doc. Dr. Karel D. Klika<\/p>\n\n\n\n<p>1.2.2005-30.6.2005&nbsp;&nbsp;&nbsp;&nbsp;&nbsp;&nbsp;&nbsp;&nbsp;&nbsp;&nbsp;&nbsp;&nbsp;&nbsp;&nbsp;&nbsp;&nbsp;&nbsp; zahrani\u010dn\u00fd pobyt v r\u00e1mci programu Socrates-Erazmus<\/p>\n\n\n\n<p>Univerzita Louisa Pasteura &#8211; ECPM &#8211; Oddelenie Stereoch\u00e9mie, Strasbourg, Franc\u00fazsko Superv\u00edzor: Prof. Dr. Fran\u00e7oise Colobert<\/p>\n\n\n\n<p><\/p>\n\n\n\n<p>Vyu\u010dovan\u00e9 predmety:<\/p>\n\n\n\n<ul><li>\u00daCHV\/POC1\/03 Praktikum z organickej ch\u00e9mie<\/li><li>\u00daCHV\/PPOC\/03 Pokro\u010dil\u00e9 praktikum z organickej ch\u00e9mie<\/li><li>\u00daCHV\/FMZ\/04 Z\u00e1klady farmaceutickej ch\u00e9mie<\/li><li>\u00daCHV\/FMCH\/04 Farmaceutick\u00e1 ch\u00e9mia<\/li><li>\u00daCHV\/HZ1\/00 Heterocyklick\u00e9 zl\u00fa\u010deniny<\/li><\/ul>\n","protected":false},"excerpt":{"rendered":"<p>mariana.budovska@upjs.sk Samostatn\u00fd vedeck\u00fd pracovn\u00edk Jej v\u00fdskum je zameran\u00fd na vypracovanie efekt\u00edvnych synt\u00e9z nov\u00fdch anal\u00f3gov pr\u00edrodn\u00fdch l\u00e1tok na b\u00e1ze indolov\u00fdch fytoalex\u00ednov. U cie\u013eov\u00fdch molek\u00fal je ohodnoten\u00e1 ich in vitro protirakovinov\u00e1 aktivita a cytotoxick\u00fd efekt na nemal\u00edgnych bunk\u00e1ch v spolupr\u00e1ci s \u00dastavom farmakol\u00f3gie LF UPJ\u0160 \u2013 prof. MVDr. J\u00e1n Moj\u017ei\u0161, DrSc. Taktie\u017e je \u0161tudovan\u00fd vplyv \u0161trukt\u00fary na &hellip; <\/p>\n<p class=\"link-more\"><a href=\"https:\/\/organicchemistry.science.upjs.sk\/?page_id=178\" class=\"more-link\">Pokra\u010dova\u0165 v \u010d\u00edtan\u00ed<span class=\"screen-reader-text\"> &#8222;RNDr. Mariana Budovsk\u00e1, PhD.&#8220;<\/span><\/a><\/p>\n","protected":false},"author":3,"featured_media":0,"parent":0,"menu_order":0,"comment_status":"closed","ping_status":"closed","template":"","meta":[],"_links":{"self":[{"href":"https:\/\/organicchemistry.science.upjs.sk\/index.php?rest_route=\/wp\/v2\/pages\/178"}],"collection":[{"href":"https:\/\/organicchemistry.science.upjs.sk\/index.php?rest_route=\/wp\/v2\/pages"}],"about":[{"href":"https:\/\/organicchemistry.science.upjs.sk\/index.php?rest_route=\/wp\/v2\/types\/page"}],"author":[{"embeddable":true,"href":"https:\/\/organicchemistry.science.upjs.sk\/index.php?rest_route=\/wp\/v2\/users\/3"}],"replies":[{"embeddable":true,"href":"https:\/\/organicchemistry.science.upjs.sk\/index.php?rest_route=%2Fwp%2Fv2%2Fcomments&post=178"}],"version-history":[{"count":5,"href":"https:\/\/organicchemistry.science.upjs.sk\/index.php?rest_route=\/wp\/v2\/pages\/178\/revisions"}],"predecessor-version":[{"id":534,"href":"https:\/\/organicchemistry.science.upjs.sk\/index.php?rest_route=\/wp\/v2\/pages\/178\/revisions\/534"}],"wp:attachment":[{"href":"https:\/\/organicchemistry.science.upjs.sk\/index.php?rest_route=%2Fwp%2Fv2%2Fmedia&parent=178"}],"curies":[{"name":"wp","href":"https:\/\/api.w.org\/{rel}","templated":true}]}}