{"id":180,"date":"2021-02-04T10:57:02","date_gmt":"2021-02-04T09:57:02","guid":{"rendered":"http:\/\/127.0.0.1\/wordpress\/?page_id=180"},"modified":"2021-02-04T10:57:02","modified_gmt":"2021-02-04T09:57:02","slug":"rndr-jana-spakova-raschmanova-phd","status":"publish","type":"page","link":"https:\/\/organicchemistry.science.upjs.sk\/?page_id=180","title":{"rendered":"RNDr. Jana \u0160pakov\u00e1 Raschmanov\u00e1, PhD."},"content":{"rendered":"\n<p>jana.raschmanova@upjs.sk<\/p>\n\n\n\n<p>Vysoko\u0161kolsk\u00fd u\u010dite\u013e \u2013 odborn\u00fd asistent<\/p>\n\n\n\n<p>V&nbsp;r\u00e1mci vedecko-v\u00fdskumnej skupiny doc. RNDr. Miroslavy Martinkovej, PhD. sa venujem tot\u00e1lnej synt\u00e9ze anal\u00f3gov pr\u00edrodn\u00fdch sfingoidn\u00fdch b\u00e1z (sfingoz\u00edn, fytosfingoz\u00edny, penaresid\u00edny) s&nbsp;potenci\u00e1lnou cytotoxickou\/antiprolifera\u010dnou aktivitou.<\/p>\n\n\n\n<p><strong>V\u00fdznamn\u00e9 \u00faspechy:<\/strong><\/p>\n\n\n\n<p><strong>2006 <\/strong>\u2013 Cena rektora UPJ\u0160 za vynikaj\u00face \u0161tudijn\u00e9 v\u00fdsledky<\/p>\n\n\n\n<p><strong>2009<\/strong> \u2013 Cena dekana za vedecko-v\u00fdskumn\u00fa \u010dinnos\u0165 doktorandov PF UPJ\u0160<\/p>\n\n\n\n<p><strong>Zahrani\u010dn\u00e9 pobyty\/st\u00e1\u017ee:<\/strong><\/p>\n\n\n\n<p>01.03.2008 \u2013 30.11.2008<\/p>\n\n\n\n<p>&#8211; pomocn\u00fd laborant v Syngenta Crop Protection, P. O. BOX, CH-4002 Bazilej (\u0160vajciarsko)<\/p>\n\n\n\n<p>19.11.2007 \u2013 14.12.2007<\/p>\n\n\n\n<p>&#8211; st\u00e1\u017e v r\u00e1mci projektu COST, sekcia D-32, Politechnika Krakowska, Krakow (Po\u013esko)<\/p>\n\n\n\n<p>01.02.2005\u201330.06.2005 &#8211; st\u00e1\u017e v r\u00e1mci programu Socrates-Erasmus: Universit\u00e9 Louis Pasteur, ECPM, Laboratoire de St\u00e9reochimie Organometallique, Strasbourg (Franc\u00fazsko)<\/p>\n\n\n\n<p><strong>Vyu\u010dovan\u00e9 predmety:<\/strong><\/p>\n\n\n\n<ul><li>\u00daCHV\/PRCH1\/10 \u2013 Prosemin\u00e1r z&nbsp;ch\u00e9mie I<\/li><li>\u00daCHV\/POC1\/03 \u2013 Praktikum z&nbsp;organickej ch\u00e9mie<\/li><li>\u00daCHV\/POCHU\/15 \u2013 Praktikum z&nbsp;organickej ch\u00e9mie<\/li><li>\u00daCHV\/BOC\/18 \u2013 Bioorganick\u00e1 ch\u00e9mia<\/li><li>\u00daCHV\/SPC1b\/03 \u2013 \u0160peci\u00e1lne praktikum \u0161kolsk\u00fdch pokusov II <\/li><li>\u00daCHV\/CHOZ\/18 \u2013 Ch\u00e9mia organokovov\u00fdch zl\u00fa\u010den\u00edn<\/li><\/ul>\n","protected":false},"excerpt":{"rendered":"<p>jana.raschmanova@upjs.sk Vysoko\u0161kolsk\u00fd u\u010dite\u013e \u2013 odborn\u00fd asistent V&nbsp;r\u00e1mci vedecko-v\u00fdskumnej skupiny doc. RNDr. Miroslavy Martinkovej, PhD. sa venujem tot\u00e1lnej synt\u00e9ze anal\u00f3gov pr\u00edrodn\u00fdch sfingoidn\u00fdch b\u00e1z (sfingoz\u00edn, fytosfingoz\u00edny, penaresid\u00edny) s&nbsp;potenci\u00e1lnou cytotoxickou\/antiprolifera\u010dnou aktivitou. V\u00fdznamn\u00e9 \u00faspechy: 2006 \u2013 Cena rektora UPJ\u0160 za vynikaj\u00face \u0161tudijn\u00e9 v\u00fdsledky 2009 \u2013 Cena dekana za vedecko-v\u00fdskumn\u00fa \u010dinnos\u0165 doktorandov PF UPJ\u0160 Zahrani\u010dn\u00e9 pobyty\/st\u00e1\u017ee: 01.03.2008 \u2013 30.11.2008 &#8211; &hellip; <\/p>\n<p class=\"link-more\"><a href=\"https:\/\/organicchemistry.science.upjs.sk\/?page_id=180\" class=\"more-link\">Pokra\u010dova\u0165 v \u010d\u00edtan\u00ed<span class=\"screen-reader-text\"> &#8222;RNDr. Jana \u0160pakov\u00e1 Raschmanov\u00e1, PhD.&#8220;<\/span><\/a><\/p>\n","protected":false},"author":3,"featured_media":0,"parent":0,"menu_order":0,"comment_status":"closed","ping_status":"closed","template":"","meta":[],"_links":{"self":[{"href":"https:\/\/organicchemistry.science.upjs.sk\/index.php?rest_route=\/wp\/v2\/pages\/180"}],"collection":[{"href":"https:\/\/organicchemistry.science.upjs.sk\/index.php?rest_route=\/wp\/v2\/pages"}],"about":[{"href":"https:\/\/organicchemistry.science.upjs.sk\/index.php?rest_route=\/wp\/v2\/types\/page"}],"author":[{"embeddable":true,"href":"https:\/\/organicchemistry.science.upjs.sk\/index.php?rest_route=\/wp\/v2\/users\/3"}],"replies":[{"embeddable":true,"href":"https:\/\/organicchemistry.science.upjs.sk\/index.php?rest_route=%2Fwp%2Fv2%2Fcomments&post=180"}],"version-history":[{"count":0,"href":"https:\/\/organicchemistry.science.upjs.sk\/index.php?rest_route=\/wp\/v2\/pages\/180\/revisions"}],"wp:attachment":[{"href":"https:\/\/organicchemistry.science.upjs.sk\/index.php?rest_route=%2Fwp%2Fv2%2Fmedia&parent=180"}],"curies":[{"name":"wp","href":"https:\/\/api.w.org\/{rel}","templated":true}]}}