{"id":182,"date":"2021-02-04T10:57:27","date_gmt":"2021-02-04T09:57:27","guid":{"rendered":"http:\/\/127.0.0.1\/wordpress\/?page_id=182"},"modified":"2021-08-02T12:48:24","modified_gmt":"2021-08-02T10:48:24","slug":"rndr-monika-tvrdonova-phd","status":"publish","type":"page","link":"https:\/\/organicchemistry.science.upjs.sk\/?page_id=182","title":{"rendered":"RNDr. Monika Tvrdo\u0148ov\u00e1, PhD."},"content":{"rendered":"\n<figure class=\"wp-block-image size-large is-resized\"><img loading=\"lazy\" src=\"https:\/\/organicchemistry.science.upjs.sk\/wp-content\/uploads\/2021\/04\/IMG_8031-finall-683x1024.jpg\" alt=\"\" class=\"wp-image-352\" width=\"331\" height=\"496\" srcset=\"https:\/\/organicchemistry.science.upjs.sk\/wp-content\/uploads\/2021\/04\/IMG_8031-finall-683x1024.jpg 683w, https:\/\/organicchemistry.science.upjs.sk\/wp-content\/uploads\/2021\/04\/IMG_8031-finall-200x300.jpg 200w, https:\/\/organicchemistry.science.upjs.sk\/wp-content\/uploads\/2021\/04\/IMG_8031-finall-768x1152.jpg 768w, https:\/\/organicchemistry.science.upjs.sk\/wp-content\/uploads\/2021\/04\/IMG_8031-finall-1024x1536.jpg 1024w, https:\/\/organicchemistry.science.upjs.sk\/wp-content\/uploads\/2021\/04\/IMG_8031-finall-1365x2048.jpg 1365w, https:\/\/organicchemistry.science.upjs.sk\/wp-content\/uploads\/2021\/04\/IMG_8031-finall-scaled.jpg 1706w\" sizes=\"(max-width: 331px) 100vw, 331px\" \/><\/figure>\n\n\n\n<p>monika.tvrdonova@upjs.sk<\/p>\n\n\n\n<p><\/p>\n\n\n\n<p>&#8211; odborn\u00e1 asistentka <\/p>\n\n\n\n<p>&#8211; \u010dlenka Akademick\u00e9ho sen\u00e1tu PF UPJ\u0160<\/p>\n\n\n\n<p><strong>Vedecko-v\u00fdskumn\u00e1 \u010dinnos\u0165:<\/strong><\/p>\n\n\n\n<p>V\u00fdskum v&nbsp;na\u0161om laborat\u00f3riu sa zaober\u00e1 asymetrickou katal\u00fdzou. Syntetizujeme nov\u00e9 chir\u00e1lne organick\u00e9 molekuly, ktor\u00e9 m\u00f4\u017eu fungova\u0165 ako katalyz\u00e1tory pre r\u00f4zne stereoselekt\u00edvne reakcie. Zameriavame sa na mal\u00e9 organick\u00e9 molekuly, ktor\u00e9 vo svojej \u0161trukt\u00fare obsahuj\u00fa r\u00f4zne kovalentne alebo nekovalentne katalyticky akt\u00edvne mot\u00edvy. Organokatalytick\u00e9 vlastnosti syntetizovan\u00fdch zl\u00fa\u010den\u00edn \u0161tudujeme vo vybran\u00fdch enantioselekt\u00edvnych reakci\u00e1ch, ako s\u00fa napr\u00edklad aldolove reakcie, Michaelove ad\u00edcie, alebo&nbsp;Henryho reakcie.<\/p>\n\n\n\n<p>&#8211; Cena dekana za vedecko-v\u00fdskumn\u00fa \u010dinnos\u0165 doktorandov za rok 2006<\/p>\n\n\n\n<p><strong>Zahrani\u010dn\u00e9 pobyty a&nbsp;st\u00e1\u017ee:<\/strong><\/p>\n\n\n\n<p>2010-2011 \u2013 Postdoktorandsk\u00fd pobyt na \u00daOCHB AV \u010cR v&nbsp;Prahe (\u010cR) pod veden\u00edm Dr. M. Ledvinu &#8211; zameran\u00fd na povrchov\u00e9 modifik\u00e1cie nanodiamantov<\/p>\n\n\n\n<p>2005 \u2013 Short-Term Scientific Mission v r\u00e1mci programu COST, Institute of chemistry, Karl-Franzens University v Grazi (Rak\u00fasko) pod veden\u00edm Dr. C. O. Kappeho \u2013 zameran\u00fd na mikrovlnov\u00fa synt\u00e9zu 2004 \u2013 Traineeship v Syngenta Crop Protection, AG. v Bazileji (\u0160vaj\u010diarsko) pod veden\u00edm Dr. H. Waltera \u2013 zameran\u00fd na synt\u00e9zu fungic\u00eddov<\/p>\n\n\n\n<p><strong>Vyu\u010dovan\u00e9 predmety:<\/strong><\/p>\n\n\n\n<ul><li>\u00daCHV\/MOC1\/00 &#8211; Reak\u010dn\u00e9 mechanizmy v organickej ch\u00e9mii<\/li><li>\u00daCHV\/ST\/03 \u2013 Stereoch\u00e9mia<\/li><li>\u00daCHV\/MUS\/03 a \u00daCHV\/MUSU\/15 &#8211; Met\u00f3dy ur\u010dovania \u0161trukt\u00fary, spektr\u00e1lne met\u00f3dy<\/li><li>\u00daCHV\/ISC1a\/00 &#8211; Informa\u010dn\u00e9 syst\u00e9my v ch\u00e9mii I<\/li><li>\u00daCHV\/ISVTC\/14 &#8211; Informa\u010dn\u00e9 syst\u00e9my a v\u00fdpo\u010dtov\u00e1 technika v&nbsp;ch\u00e9mii <\/li><li>\u00daCHV\/MSPM\/04 &#8211; Modern\u00e9 spektroskopick\u00e9 met\u00f3dy<\/li><\/ul>\n\n\n\n<p><\/p>\n","protected":false},"excerpt":{"rendered":"<p>monika.tvrdonova@upjs.sk &#8211; odborn\u00e1 asistentka &#8211; \u010dlenka Akademick\u00e9ho sen\u00e1tu PF UPJ\u0160 Vedecko-v\u00fdskumn\u00e1 \u010dinnos\u0165: V\u00fdskum v&nbsp;na\u0161om laborat\u00f3riu sa zaober\u00e1 asymetrickou katal\u00fdzou. Syntetizujeme nov\u00e9 chir\u00e1lne organick\u00e9 molekuly, ktor\u00e9 m\u00f4\u017eu fungova\u0165 ako katalyz\u00e1tory pre r\u00f4zne stereoselekt\u00edvne reakcie. Zameriavame sa na mal\u00e9 organick\u00e9 molekuly, ktor\u00e9 vo svojej \u0161trukt\u00fare obsahuj\u00fa r\u00f4zne kovalentne alebo nekovalentne katalyticky akt\u00edvne mot\u00edvy. Organokatalytick\u00e9 vlastnosti syntetizovan\u00fdch zl\u00fa\u010den\u00edn &hellip; <\/p>\n<p class=\"link-more\"><a href=\"https:\/\/organicchemistry.science.upjs.sk\/?page_id=182\" class=\"more-link\">Pokra\u010dova\u0165 v \u010d\u00edtan\u00ed<span class=\"screen-reader-text\"> &#8222;RNDr. Monika Tvrdo\u0148ov\u00e1, PhD.&#8220;<\/span><\/a><\/p>\n","protected":false},"author":3,"featured_media":0,"parent":0,"menu_order":0,"comment_status":"closed","ping_status":"closed","template":"","meta":[],"_links":{"self":[{"href":"https:\/\/organicchemistry.science.upjs.sk\/index.php?rest_route=\/wp\/v2\/pages\/182"}],"collection":[{"href":"https:\/\/organicchemistry.science.upjs.sk\/index.php?rest_route=\/wp\/v2\/pages"}],"about":[{"href":"https:\/\/organicchemistry.science.upjs.sk\/index.php?rest_route=\/wp\/v2\/types\/page"}],"author":[{"embeddable":true,"href":"https:\/\/organicchemistry.science.upjs.sk\/index.php?rest_route=\/wp\/v2\/users\/3"}],"replies":[{"embeddable":true,"href":"https:\/\/organicchemistry.science.upjs.sk\/index.php?rest_route=%2Fwp%2Fv2%2Fcomments&post=182"}],"version-history":[{"count":4,"href":"https:\/\/organicchemistry.science.upjs.sk\/index.php?rest_route=\/wp\/v2\/pages\/182\/revisions"}],"predecessor-version":[{"id":538,"href":"https:\/\/organicchemistry.science.upjs.sk\/index.php?rest_route=\/wp\/v2\/pages\/182\/revisions\/538"}],"wp:attachment":[{"href":"https:\/\/organicchemistry.science.upjs.sk\/index.php?rest_route=%2Fwp%2Fv2%2Fmedia&parent=182"}],"curies":[{"name":"wp","href":"https:\/\/api.w.org\/{rel}","templated":true}]}}