{"id":233,"date":"2021-02-04T12:59:46","date_gmt":"2021-02-04T11:59:46","guid":{"rendered":"http:\/\/127.0.0.1\/wordpress\/?page_id=233"},"modified":"2025-06-06T07:28:08","modified_gmt":"2025-06-06T05:28:08","slug":"zaverecne-prace","status":"publish","type":"page","link":"https:\/\/organicchemistry.science.upjs.sk\/?page_id=233","title":{"rendered":"Z\u00e1vere\u010dn\u00e9 pr\u00e1ce"},"content":{"rendered":"\n<h2>Bakal\u00e1rske pr\u00e1ce<\/h2>\n\n\n\n<ul><li><\/li><\/ul>\n\n\n\n<h2>Diplomov\u00e9 pr\u00e1ce<\/h2>\n\n\n\n<ul><li><\/li><li><\/li><\/ul>\n\n\n\n<p><\/p>\n","protected":false},"excerpt":{"rendered":"<p>Bakal\u00e1rske pr\u00e1ce Diplomov\u00e9 pr\u00e1ce<\/p>\n","protected":false},"author":3,"featured_media":0,"parent":0,"menu_order":0,"comment_status":"closed","ping_status":"closed","template":"","meta":[],"_links":{"self":[{"href":"https:\/\/organicchemistry.science.upjs.sk\/index.php?rest_route=\/wp\/v2\/pages\/233"}],"collection":[{"href":"https:\/\/organicchemistry.science.upjs.sk\/index.php?rest_route=\/wp\/v2\/pages"}],"about":[{"href":"https:\/\/organicchemistry.science.upjs.sk\/index.php?rest_route=\/wp\/v2\/types\/page"}],"author":[{"embeddable":true,"href":"https:\/\/organicchemistry.science.upjs.sk\/index.php?rest_route=\/wp\/v2\/users\/3"}],"replies":[{"embeddable":true,"href":"https:\/\/organicchemistry.science.upjs.sk\/index.php?rest_route=%2Fwp%2Fv2%2Fcomments&post=233"}],"version-history":[{"count":4,"href":"https:\/\/organicchemistry.science.upjs.sk\/index.php?rest_route=\/wp\/v2\/pages\/233\/revisions"}],"predecessor-version":[{"id":589,"href":"https:\/\/organicchemistry.science.upjs.sk\/index.php?rest_route=\/wp\/v2\/pages\/233\/revisions\/589"}],"wp:attachment":[{"href":"https:\/\/organicchemistry.science.upjs.sk\/index.php?rest_route=%2Fwp%2Fv2%2Fmedia&parent=233"}],"curies":[{"name":"wp","href":"https:\/\/api.w.org\/{rel}","templated":true}]}}