{"id":263,"date":"2021-02-05T14:08:25","date_gmt":"2021-02-05T13:08:25","guid":{"rendered":"http:\/\/localhost\/wordpress\/?page_id=263"},"modified":"2021-08-02T12:53:35","modified_gmt":"2021-08-02T10:53:35","slug":"vybrane-publikacie","status":"publish","type":"page","link":"https:\/\/organicchemistry.science.upjs.sk\/?page_id=263","title":{"rendered":"V\u00fdznamn\u00e9 publik\u00e1cie"},"content":{"rendered":"\n<p>Hamulakova, S.; Janovec, L.; Soukup, O.; Jun, D.; Kuca, K.*<\/p>\n\n\n\n<p><em>Synthesis, in vitro acetylcholinesterase inhibitory activity and molecular docking of new acridine-coumarin hybrids<\/em><\/p>\n\n\n\n<p><em>Int. J. Biolog. Macromol.<\/em> <strong>2017<\/strong>, <em>104<\/em>, 333\u2012338<\/p>\n\n\n\n<p><em>IF: 5.162<\/em><\/p>\n\n\n\n<p><a href=\"https:\/\/doi.org\/10.1016\/j.ijbiomac.2017.06.006\">https:\/\/doi.org\/10.1016\/j.ijbiomac.2017.06.006<\/a><\/p>\n\n\n\n<p><em>Abstrakt:<\/em> Bola pripraven\u00e1 nov\u00e1 s\u00e9ria akrid\u00edn-kumar\u00ednov\u00fdch hybridov, ktor\u00e9 boli testovan\u00e9 ako potenci\u00e1ln\u00e9 inhib\u00edtory enz\u00fdmov acetylchol\u00ednester\u00e1zy (AChE) and butyrylchol\u00ednester\u00e1zy (BuChE). Novo syntetizovan\u00e9 deriv\u00e1ty vykazovali vy\u0161\u0161iu inhibi\u010dn\u00fa \u00fa\u010dinnos\u0165 vo\u010di \u013eudskej AChE (<em>h<\/em>AChE) v porovnan\u00ed so \u0161tandardom (7-MEOTA). Z tejto s\u00e9rie l\u00e1tok naj\u00fa\u010dinnej\u0161\u00edm inhib\u00edtorom <em>h<\/em>AChE bol deriv\u00e1t <strong>9b<\/strong> s hodnotou IC<sub>50<\/sub> = 5.85 \u03bcM (7-MEOTA: IC<sub>50<\/sub> = 15 \u03bcM). Na predikciu v\u00e4zbov\u00fdch&nbsp; interakci\u00ed akrid\u00edn-kumar\u00ednov\u00fdch hybridov <strong>9b<\/strong>, <strong>9c<\/strong>, <strong>9f<\/strong> s <em>h<\/em>AChE\/BuChE bol uroben\u00fd molekulov\u00fd modeling.<\/p>\n\n\n\n<figure class=\"wp-block-image size-large\"><img loading=\"lazy\" width=\"542\" height=\"213\" src=\"https:\/\/organicchemistry.science.upjs.sk\/wp-content\/uploads\/2021\/04\/Obrazok01.png\" alt=\"\" class=\"wp-image-364\" srcset=\"https:\/\/organicchemistry.science.upjs.sk\/wp-content\/uploads\/2021\/04\/Obrazok01.png 542w, https:\/\/organicchemistry.science.upjs.sk\/wp-content\/uploads\/2021\/04\/Obrazok01-300x118.png 300w\" sizes=\"(max-width: 542px) 100vw, 542px\" \/><\/figure>\n\n\n\n<p>Nunhart, P.; Konkolova, E.; Janovec, L.; Jendzelovsky, R.; Vargova, J.; Sevc, J.; Matejova, M.; Miltakova, B.; Fedorocko, P.; Kozurkova, M.*<\/p>\n\n\n\n<p><em>Fluorinated 3,6,9-trisubstituted acridine derivatives as DNA interacting agents and topoisomerase inhibitors with A549 antiproliferative activity<\/em><\/p>\n\n\n\n<p><em>Bioorganic Chemistry <\/em><strong>2020<\/strong>, <em>94<\/em>, article number 103393<\/p>\n\n\n\n<p>IF: 4.831<\/p>\n\n\n\n<p><a href=\"https:\/\/doi.org\/10.1016\/j.bioorg.2019.103393\">https:\/\/doi.org\/10.1016\/j.bioorg.2019.103393<\/a><\/p>\n\n\n\n<p><em>Abstrakt:<\/em> V\u00fdberom vhodn\u00fdch syntetick\u00fdch postupov sme pripravili z&nbsp;difenylmet\u00e1nu <strong><em>I<\/em><\/strong> trisubstituovan\u00e9 akrid\u00edny <strong><em>III <\/em><\/strong>\u2013 <strong><em>VI<\/em><\/strong>. Z\u00e1kladn\u00fdm medziproduktom v&nbsp;pr\u00edprave fin\u00e1lnych produktov bol akrid\u00f3n <strong><em>II<\/em><\/strong>. Pripraven\u00e9 zl\u00fa\u010deniny <strong><em>III <\/em><\/strong>\u2013 <strong><em>VI<\/em> <\/strong>sme n\u00e1sledne pou\u017eili na \u0161t\u00fadium ich DNA interkala\u010dn\u00fdch schopnost\u00ed a&nbsp;inhib\u00edcie enz\u00fdmu topoizomer\u00e1za I\/II.&nbsp; Z\u00edskan\u00e9 akrid\u00edny <strong><em>III <\/em><\/strong>\u2013 <strong><em>VI<\/em><\/strong> vykazovali antiprolifera\u010dn\u00e9 vlastnosti, kde najvy\u0161\u0161iu inhibi\u010dn\u00fa aktivitu vo\u010di rakovinovej bunkovej l\u00edni\u00ed A549 mal deriv\u00e1t <strong><em>VI<\/em><\/strong> (<em>IC<\/em><sub>50<\/sub> = 4,25\u00d710<sup>-6<\/sup> M).<\/p>\n\n\n\n<figure class=\"wp-block-image size-large\"><img loading=\"lazy\" width=\"507\" height=\"200\" src=\"https:\/\/organicchemistry.science.upjs.sk\/wp-content\/uploads\/2021\/04\/Obrazok02.png\" alt=\"\" class=\"wp-image-366\" srcset=\"https:\/\/organicchemistry.science.upjs.sk\/wp-content\/uploads\/2021\/04\/Obrazok02.png 507w, https:\/\/organicchemistry.science.upjs.sk\/wp-content\/uploads\/2021\/04\/Obrazok02-300x118.png 300w\" sizes=\"(max-width: 507px) 100vw, 507px\" \/><\/figure>\n\n\n\n<p><\/p>\n\n\n\n<p>Budovsk\u00e1, M.<\/p>\n\n\n\n<p><em>A novel palladium-catalyzed cyclization of indole phytoalexin brassinin and its 1-substituted derivatives<\/em><\/p>\n\n\n\n<p><em>RSC Advances<\/em> <strong>2014<\/strong>, 4, 5575-5582.<\/p>\n\n\n\n<p>IF: 3.119<\/p>\n\n\n\n<p><a href=\"https:\/\/pubs.rsc.org\/en\/content\/articlelanding\/2014\/RA\/c3ra46843g#!divAbstract\">https:\/\/pubs.rsc.org\/en\/content\/articlelanding\/2014\/RA\/c3ra46843g#!divAbstract<\/a><\/p>\n\n\n\n<p><em>Abstrakt:<\/em> Nov\u00fd jednoduch\u00fd synetick\u00fd pr\u00edstup k spiroindol\u00ednov\u00fdm fytoalex\u00ednom a ich deriv\u00e1tov bol dosiahnut\u00fd spirocykliz\u00e1ciou brasin\u00ednu a jeho 1-substituovan\u00fdch deriv\u00e1tov pou\u017eit\u00edm pal\u00e1diov\u00e9ho katalyz\u00e1tora PdCl<sub>2<\/sub>(CH<sub>3<\/sub>CN)<sub>2<\/sub> v DMSO pri 80 \u00b0C v pr\u00edtomnosti vody, metanolu alebo anil\u00ednu.<\/p>\n\n\n\n<figure class=\"wp-block-image size-large\"><img loading=\"lazy\" width=\"379\" height=\"160\" src=\"https:\/\/organicchemistry.science.upjs.sk\/wp-content\/uploads\/2021\/04\/Obrazok1.jpg\" alt=\"\" class=\"wp-image-369\" srcset=\"https:\/\/organicchemistry.science.upjs.sk\/wp-content\/uploads\/2021\/04\/Obrazok1.jpg 379w, https:\/\/organicchemistry.science.upjs.sk\/wp-content\/uploads\/2021\/04\/Obrazok1-300x127.jpg 300w\" sizes=\"(max-width: 379px) 100vw, 379px\" \/><\/figure>\n\n\n\n<p><\/p>\n\n\n\n<p>\u0160pakov\u00e1 Raschmanov\u00e1, J.; Martinkov\u00e1, M.*; Gonda, J.; Bago Pil\u00e1tov\u00e1, M.; Kuch\u00e1r, J.; J\u00e1ger, D.<\/p>\n\n\n\n<p><em>Synthesis and in vitro biological evaluation of 3-amino-3-deoxydihydrosphingosines and their related analogues<\/em><\/p>\n\n\n\n<p><em>Tetrahedron<\/em> <strong>2020<\/strong>, <em>76<\/em>, article number 130803<\/p>\n\n\n\n<p><a href=\"https:\/\/www.sciencedirect.com\/science\/article\/pii\/S0040402019312074\">https:\/\/www.sciencedirect.com\/science\/article\/pii\/S0040402019312074<\/a><\/p>\n\n\n\n<p>IF: 2.233 &nbsp;<\/p>\n\n\n\n<p><a href=\"https:\/\/doi.org\/10.1016\/j.tet.2019.130803\">https:\/\/doi.org\/10.1016\/j.tet.2019.130803<\/a><\/p>\n\n\n\n<p><em>Abstrakt:<\/em> V&nbsp;uvedenej pr\u00e1ci je pop\u00edsan\u00e1 stereoselekt\u00edvna synt\u00e9za nezvy\u010dajn\u00fdch sfingoidn\u00fdch b\u00e1z na b\u00e1ze 3-amino-3-deoxydihydrosfingoz\u00ednov a&nbsp;ich izom\u00e9rnych anal\u00f3gov. Vypracovan\u00fd pr\u00edstup aplikoval klasick\u00fa <em>chiral-pool<\/em> strat\u00e9giu s&nbsp;dimetylesterom kyseliny l-v\u00ednnej ako v\u00fdchodiskov\u00fdm chir\u00f3nom. Syntetick\u00fd pl\u00e1n vyu\u017eil atrib\u00faty [3,3]-sigmatropn\u00fdch pre\u0161mykov a <em>olefin-cross<\/em> metat\u00e9zy ako k\u013e\u00fa\u010dov\u00fdch transform\u00e1ci\u00ed. Biologick\u00fd skr\u00edning cie\u013eov\u00fdch molek\u00fal odhalil ich pozoruhodn\u00fa antiprolifera\u010dn\u00fa\/cytotoxick\u00fa aktivitu na viacer\u00fdch hum\u00e1nnych rakovinov\u00fdch bunkov\u00fdch l\u00edniach.<\/p>\n\n\n\n<figure class=\"wp-block-image size-large\"><img loading=\"lazy\" width=\"696\" height=\"211\" src=\"https:\/\/organicchemistry.science.upjs.sk\/wp-content\/uploads\/2021\/04\/obrazok04.bmp\" alt=\"\" class=\"wp-image-370\" srcset=\"https:\/\/organicchemistry.science.upjs.sk\/wp-content\/uploads\/2021\/04\/obrazok04.bmp 696w, https:\/\/organicchemistry.science.upjs.sk\/wp-content\/uploads\/2021\/04\/obrazok04-300x91.jpg 300w\" sizes=\"(max-width: 696px) 100vw, 696px\" \/><\/figure>\n","protected":false},"excerpt":{"rendered":"<p>Hamulakova, S.; Janovec, L.; Soukup, O.; Jun, D.; Kuca, K.* Synthesis, in vitro acetylcholinesterase inhibitory activity and molecular docking of new acridine-coumarin hybrids Int. J. Biolog. Macromol. 2017, 104, 333\u2012338 IF: 5.162 https:\/\/doi.org\/10.1016\/j.ijbiomac.2017.06.006 Abstrakt: Bola pripraven\u00e1 nov\u00e1 s\u00e9ria akrid\u00edn-kumar\u00ednov\u00fdch hybridov, ktor\u00e9 boli testovan\u00e9 ako potenci\u00e1ln\u00e9 inhib\u00edtory enz\u00fdmov acetylchol\u00ednester\u00e1zy (AChE) and butyrylchol\u00ednester\u00e1zy (BuChE). Novo syntetizovan\u00e9 deriv\u00e1ty &hellip; <\/p>\n<p class=\"link-more\"><a href=\"https:\/\/organicchemistry.science.upjs.sk\/?page_id=263\" class=\"more-link\">Pokra\u010dova\u0165 v \u010d\u00edtan\u00ed<span class=\"screen-reader-text\"> &#8222;V\u00fdznamn\u00e9 publik\u00e1cie&#8220;<\/span><\/a><\/p>\n","protected":false},"author":3,"featured_media":0,"parent":0,"menu_order":0,"comment_status":"closed","ping_status":"closed","template":"","meta":[],"_links":{"self":[{"href":"https:\/\/organicchemistry.science.upjs.sk\/index.php?rest_route=\/wp\/v2\/pages\/263"}],"collection":[{"href":"https:\/\/organicchemistry.science.upjs.sk\/index.php?rest_route=\/wp\/v2\/pages"}],"about":[{"href":"https:\/\/organicchemistry.science.upjs.sk\/index.php?rest_route=\/wp\/v2\/types\/page"}],"author":[{"embeddable":true,"href":"https:\/\/organicchemistry.science.upjs.sk\/index.php?rest_route=\/wp\/v2\/users\/3"}],"replies":[{"embeddable":true,"href":"https:\/\/organicchemistry.science.upjs.sk\/index.php?rest_route=%2Fwp%2Fv2%2Fcomments&post=263"}],"version-history":[{"count":3,"href":"https:\/\/organicchemistry.science.upjs.sk\/index.php?rest_route=\/wp\/v2\/pages\/263\/revisions"}],"predecessor-version":[{"id":544,"href":"https:\/\/organicchemistry.science.upjs.sk\/index.php?rest_route=\/wp\/v2\/pages\/263\/revisions\/544"}],"wp:attachment":[{"href":"https:\/\/organicchemistry.science.upjs.sk\/index.php?rest_route=%2Fwp%2Fv2%2Fmedia&parent=263"}],"curies":[{"name":"wp","href":"https:\/\/api.w.org\/{rel}","templated":true}]}}