{"id":264,"date":"2021-02-05T14:08:25","date_gmt":"2021-02-05T13:08:25","guid":{"rendered":"http:\/\/localhost\/wordpress\/?page_id=264"},"modified":"2021-02-05T14:08:25","modified_gmt":"2021-02-05T13:08:25","slug":"spolupraca","status":"publish","type":"page","link":"https:\/\/organicchemistry.science.upjs.sk\/?page_id=264","title":{"rendered":"Spolupr\u00e1ca"},"content":{"rendered":"\n<ul><li><strong>Katedra toxikol\u00f3gie a\u00a0vojenskej farm\u00e1cie, Fakulta vojensk\u00e9ho zdravotn\u00edctva, Univerzita obrany <\/strong>Hradec Kr\u00e1lov\u00e9, \u010cR \u2013 spolupr\u00e1ca v\u00a0r\u00e1mci testovania biologickej aktivity<\/li><li><strong>Georgia Institute of Technology, School of Biological Sciences<\/strong>, Atlanta, USA \u2012\u00a0 spolupr\u00e1ca v\u00a0r\u00e1mci testovania biologickej aktivity<\/li><li><strong>Centrum biomedic\u00ednskeho v\u00fdskumu<\/strong>, Univerzitn\u00e1 nemocnica Hradec Kr\u00e1lov\u00e9, \u010cR \u2013 spolupr\u00e1ca v\u00a0r\u00e1mci testovania biologickej aktivity<\/li><li><strong>Lek\u00e1rska fakulta UPJ\u0160 v\u00a0Ko\u0161iciach, \u00dastav farmakol\u00f3gie<\/strong> \u2013 spolupr\u00e1ca v\u00a0r\u00e1mci testovania protirakovinovej aktivity<\/li><li><strong>JUHAPHARM s.r.o<\/strong> \u2013 spolupr\u00e1ca v\u00a0r\u00e1mci projektu OPENMED\u00a0 na aktivite \u201e<em>V\u00fdvoj novej gener\u00e1cie fotocitliv\u00fdch l\u00e1tok s\u00a0proti starn\u00facim \u00fa\u010dinkom (anti-aging effect) a\u00a0ich aplik\u00e1cia v\u00a0dermatol\u00f3gii\u201c<\/em><\/li><li><strong>TEHO a.s. Ko\u0161ice<\/strong> \u2013 spolupr\u00e1ca v\u00a0r\u00e1mci pr\u00edpravy a aplik\u00e1cie nov\u00fdch typov antioxidantov na ochranu syst\u00e9mu pre distrib\u00faciu tepla a\u00a0teplej \u00fa\u017eitkovej vody v\u00a0r\u00e1mci mesta Ko\u0161ice<\/li><\/ul>\n","protected":false},"excerpt":{"rendered":"<p>Katedra toxikol\u00f3gie a\u00a0vojenskej farm\u00e1cie, Fakulta vojensk\u00e9ho zdravotn\u00edctva, Univerzita obrany Hradec Kr\u00e1lov\u00e9, \u010cR \u2013 spolupr\u00e1ca v\u00a0r\u00e1mci testovania biologickej aktivity Georgia Institute of Technology, School of Biological Sciences, Atlanta, USA \u2012\u00a0 spolupr\u00e1ca v\u00a0r\u00e1mci testovania biologickej aktivity Centrum biomedic\u00ednskeho v\u00fdskumu, Univerzitn\u00e1 nemocnica Hradec Kr\u00e1lov\u00e9, \u010cR \u2013 spolupr\u00e1ca v\u00a0r\u00e1mci testovania biologickej aktivity Lek\u00e1rska fakulta UPJ\u0160 v\u00a0Ko\u0161iciach, \u00dastav farmakol\u00f3gie \u2013 &hellip; <\/p>\n<p class=\"link-more\"><a href=\"https:\/\/organicchemistry.science.upjs.sk\/?page_id=264\" class=\"more-link\">Pokra\u010dova\u0165 v \u010d\u00edtan\u00ed<span class=\"screen-reader-text\"> &#8222;Spolupr\u00e1ca&#8220;<\/span><\/a><\/p>\n","protected":false},"author":3,"featured_media":0,"parent":0,"menu_order":0,"comment_status":"closed","ping_status":"closed","template":"","meta":[],"_links":{"self":[{"href":"https:\/\/organicchemistry.science.upjs.sk\/index.php?rest_route=\/wp\/v2\/pages\/264"}],"collection":[{"href":"https:\/\/organicchemistry.science.upjs.sk\/index.php?rest_route=\/wp\/v2\/pages"}],"about":[{"href":"https:\/\/organicchemistry.science.upjs.sk\/index.php?rest_route=\/wp\/v2\/types\/page"}],"author":[{"embeddable":true,"href":"https:\/\/organicchemistry.science.upjs.sk\/index.php?rest_route=\/wp\/v2\/users\/3"}],"replies":[{"embeddable":true,"href":"https:\/\/organicchemistry.science.upjs.sk\/index.php?rest_route=%2Fwp%2Fv2%2Fcomments&post=264"}],"version-history":[{"count":0,"href":"https:\/\/organicchemistry.science.upjs.sk\/index.php?rest_route=\/wp\/v2\/pages\/264\/revisions"}],"wp:attachment":[{"href":"https:\/\/organicchemistry.science.upjs.sk\/index.php?rest_route=%2Fwp%2Fv2%2Fmedia&parent=264"}],"curies":[{"name":"wp","href":"https:\/\/api.w.org\/{rel}","templated":true}]}}