{"id":43,"date":"2021-02-03T12:16:39","date_gmt":"2021-02-03T11:16:39","guid":{"rendered":"http:\/\/127.0.0.1\/wordpress\/?page_id=43"},"modified":"2021-02-03T12:16:39","modified_gmt":"2021-02-03T11:16:39","slug":"uvodna-stranka","status":"publish","type":"page","link":"https:\/\/organicchemistry.science.upjs.sk\/","title":{"rendered":"Vitajte na str\u00e1nke Katedry organickej ch\u00e9mie PF UPJ\u0160 v Ko\u0161iciach!"},"content":{"rendered":"\n<p>Od svojho zalo\u017eenia v roku 1966 Katedra organickej ch\u00e9mie:<\/p>\n\n\n\n<ul><li>zastre\u0161uje z\u00e1kladn\u00fd vedeck\u00fd v\u00fdskum zaoberaj\u00faci sa aktu\u00e1lnou tematikou<\/li><li>zabezpe\u010duje v\u00fduku odborn\u00fdch predmetov na v\u0161etk\u00fdch troch stup\u0148och vysoko\u0161kolsk\u00e9ho \u0161t\u00fadia<\/li><li>vychov\u00e1va mlad\u00fdch odborn\u00edkov, ktor\u00ed s\u00fa na trhu pr\u00e1ce \u017eiadan\u00ed a svoje znalosti dok\u00e1\u017eu uplatni\u0165 v r\u00f4znych sf\u00e9rach<\/li><\/ul>\n","protected":false},"excerpt":{"rendered":"<p>Od svojho zalo\u017eenia v roku 1966 Katedra organickej ch\u00e9mie: zastre\u0161uje z\u00e1kladn\u00fd vedeck\u00fd v\u00fdskum zaoberaj\u00faci sa aktu\u00e1lnou tematikou zabezpe\u010duje v\u00fduku odborn\u00fdch predmetov na v\u0161etk\u00fdch troch stup\u0148och vysoko\u0161kolsk\u00e9ho \u0161t\u00fadia vychov\u00e1va mlad\u00fdch odborn\u00edkov, ktor\u00ed s\u00fa na trhu pr\u00e1ce \u017eiadan\u00ed a svoje znalosti dok\u00e1\u017eu uplatni\u0165 v r\u00f4znych sf\u00e9rach<\/p>\n","protected":false},"author":3,"featured_media":0,"parent":0,"menu_order":0,"comment_status":"closed","ping_status":"closed","template":"","meta":[],"_links":{"self":[{"href":"https:\/\/organicchemistry.science.upjs.sk\/index.php?rest_route=\/wp\/v2\/pages\/43"}],"collection":[{"href":"https:\/\/organicchemistry.science.upjs.sk\/index.php?rest_route=\/wp\/v2\/pages"}],"about":[{"href":"https:\/\/organicchemistry.science.upjs.sk\/index.php?rest_route=\/wp\/v2\/types\/page"}],"author":[{"embeddable":true,"href":"https:\/\/organicchemistry.science.upjs.sk\/index.php?rest_route=\/wp\/v2\/users\/3"}],"replies":[{"embeddable":true,"href":"https:\/\/organicchemistry.science.upjs.sk\/index.php?rest_route=%2Fwp%2Fv2%2Fcomments&post=43"}],"version-history":[{"count":0,"href":"https:\/\/organicchemistry.science.upjs.sk\/index.php?rest_route=\/wp\/v2\/pages\/43\/revisions"}],"wp:attachment":[{"href":"https:\/\/organicchemistry.science.upjs.sk\/index.php?rest_route=%2Fwp%2Fv2%2Fmedia&parent=43"}],"curies":[{"name":"wp","href":"https:\/\/api.w.org\/{rel}","templated":true}]}}