{"id":89,"date":"2021-02-03T12:39:21","date_gmt":"2021-02-03T11:39:21","guid":{"rendered":"http:\/\/127.0.0.1\/wordpress\/?page_id=89"},"modified":"2021-08-02T12:44:11","modified_gmt":"2021-08-02T10:44:11","slug":"ocenenia","status":"publish","type":"page","link":"https:\/\/organicchemistry.science.upjs.sk\/?page_id=89","title":{"rendered":"Ocenenia"},"content":{"rendered":"\n<p>7. m\u00e1ja 2017 bola Katedre organickej ch\u00e9mie, pri pr\u00edle\u017eitosti 50. v\u00fdro\u010dia jej zalo\u017eenia, udelen\u00e1 <strong><em>Cena mesta Ko\u0161ice <\/em><\/strong>za dlhoro\u010dn\u00e9 v\u00fdznamn\u00e9 z\u00e1sluhy v&nbsp;pedagogickej i&nbsp;vedecko-v\u00fdskumnej \u010dinnosti.<\/p>\n\n\n\n<figure class=\"wp-block-gallery columns-2 is-cropped\"><ul class=\"blocks-gallery-grid\"><li class=\"blocks-gallery-item\"><figure><a href=\"https:\/\/organicchemistry.science.upjs.sk\/wp-content\/uploads\/2021\/04\/Obrazok5.jpg\"><img loading=\"lazy\" width=\"766\" height=\"575\" src=\"https:\/\/organicchemistry.science.upjs.sk\/wp-content\/uploads\/2021\/04\/Obrazok5.jpg\" alt=\"\" data-id=\"333\" data-full-url=\"https:\/\/organicchemistry.science.upjs.sk\/wp-content\/uploads\/2021\/04\/Obrazok5.jpg\" data-link=\"https:\/\/organicchemistry.science.upjs.sk\/?attachment_id=333\" class=\"wp-image-333\" srcset=\"https:\/\/organicchemistry.science.upjs.sk\/wp-content\/uploads\/2021\/04\/Obrazok5.jpg 766w, https:\/\/organicchemistry.science.upjs.sk\/wp-content\/uploads\/2021\/04\/Obrazok5-300x225.jpg 300w\" sizes=\"(max-width: 706px) 89vw, (max-width: 767px) 82vw, 740px\" \/><\/a><\/figure><\/li><li class=\"blocks-gallery-item\"><figure><a href=\"https:\/\/organicchemistry.science.upjs.sk\/wp-content\/uploads\/2021\/04\/Obrazok4.jpg\"><img loading=\"lazy\" width=\"500\" height=\"375\" src=\"https:\/\/organicchemistry.science.upjs.sk\/wp-content\/uploads\/2021\/04\/Obrazok4.jpg\" alt=\"\" data-id=\"332\" data-full-url=\"https:\/\/organicchemistry.science.upjs.sk\/wp-content\/uploads\/2021\/04\/Obrazok4.jpg\" data-link=\"https:\/\/organicchemistry.science.upjs.sk\/?attachment_id=332\" class=\"wp-image-332\" srcset=\"https:\/\/organicchemistry.science.upjs.sk\/wp-content\/uploads\/2021\/04\/Obrazok4.jpg 500w, https:\/\/organicchemistry.science.upjs.sk\/wp-content\/uploads\/2021\/04\/Obrazok4-300x225.jpg 300w\" sizes=\"(max-width: 500px) 100vw, 500px\" \/><\/a><\/figure><\/li><\/ul><\/figure>\n","protected":false},"excerpt":{"rendered":"<p>7. m\u00e1ja 2017 bola Katedre organickej ch\u00e9mie, pri pr\u00edle\u017eitosti 50. v\u00fdro\u010dia jej zalo\u017eenia, udelen\u00e1 Cena mesta Ko\u0161ice za dlhoro\u010dn\u00e9 v\u00fdznamn\u00e9 z\u00e1sluhy v&nbsp;pedagogickej i&nbsp;vedecko-v\u00fdskumnej \u010dinnosti.<\/p>\n","protected":false},"author":3,"featured_media":0,"parent":0,"menu_order":0,"comment_status":"closed","ping_status":"closed","template":"","meta":[],"_links":{"self":[{"href":"https:\/\/organicchemistry.science.upjs.sk\/index.php?rest_route=\/wp\/v2\/pages\/89"}],"collection":[{"href":"https:\/\/organicchemistry.science.upjs.sk\/index.php?rest_route=\/wp\/v2\/pages"}],"about":[{"href":"https:\/\/organicchemistry.science.upjs.sk\/index.php?rest_route=\/wp\/v2\/types\/page"}],"author":[{"embeddable":true,"href":"https:\/\/organicchemistry.science.upjs.sk\/index.php?rest_route=\/wp\/v2\/users\/3"}],"replies":[{"embeddable":true,"href":"https:\/\/organicchemistry.science.upjs.sk\/index.php?rest_route=%2Fwp%2Fv2%2Fcomments&post=89"}],"version-history":[{"count":3,"href":"https:\/\/organicchemistry.science.upjs.sk\/index.php?rest_route=\/wp\/v2\/pages\/89\/revisions"}],"predecessor-version":[{"id":529,"href":"https:\/\/organicchemistry.science.upjs.sk\/index.php?rest_route=\/wp\/v2\/pages\/89\/revisions\/529"}],"wp:attachment":[{"href":"https:\/\/organicchemistry.science.upjs.sk\/index.php?rest_route=%2Fwp%2Fv2%2Fmedia&parent=89"}],"curies":[{"name":"wp","href":"https:\/\/api.w.org\/{rel}","templated":true}]}}